{"id":6755,"date":"2024-09-18T18:07:26","date_gmt":"2024-09-18T17:07:26","guid":{"rendered":"https:\/\/cam-futbol.com\/?page_id=6755"},"modified":"2024-09-25T12:10:14","modified_gmt":"2024-09-25T11:10:14","slug":"kk-14-sep-2024","status":"publish","type":"page","link":"https:\/\/cam-futbol.com\/en\/home\/kk-14-sep-2024\/","title":{"rendered":"kk-14-sep-2024"},"content":{"rendered":"<div data-elementor-type=\"wp-page\" data-elementor-id=\"6755\" class=\"elementor elementor-6755\">\n\t\t\t\t\t\t<section class=\"elementor-section elementor-top-section elementor-element elementor-element-50fa0054 elementor-section-height-min-height elementor-section-items-stretch elementor-section-content-middle elementor-section-boxed elementor-section-height-default\" data-id=\"50fa0054\" data-element_type=\"section\" data-settings=\"{&quot;background_background&quot;:&quot;classic&quot;}\">\n\t\t\t\t\t\t\t<div class=\"elementor-background-overlay\"><\/div>\n\t\t\t\t\t\t\t<div class=\"elementor-container elementor-column-gap-wide\">\n\t\t\t\t\t<div class=\"elementor-column elementor-col-100 elementor-top-column elementor-element elementor-element-2ed56ff5\" data-id=\"2ed56ff5\" data-element_type=\"column\">\n\t\t\t<div class=\"elementor-widget-wrap elementor-element-populated\">\n\t\t\t\t\t\t<div class=\"elementor-element elementor-element-743adc6a elementor-widget elementor-widget-heading\" data-id=\"743adc6a\" data-element_type=\"widget\" data-settings=\"{&quot;_animation_mobile&quot;:&quot;fadeInDown&quot;}\" data-widget_type=\"heading.default\">\n\t\t\t\t<div class=\"elementor-widget-container\">\n\t\t\t\t\t<h1 class=\"elementor-heading-title elementor-size-default\">CAMCHERAS vs LAS LEONAS<\/h1>\t\t\t\t<\/div>\n\t\t\t\t<\/div>\n\t\t\t\t<div class=\"elementor-element elementor-element-e766708 elementor-widget-divider--view-line elementor-widget elementor-widget-divider\" data-id=\"e766708\" data-element_type=\"widget\" data-widget_type=\"divider.default\">\n\t\t\t\t<div class=\"elementor-widget-container\">\n\t\t\t\t\t\t\t<div class=\"elementor-divider\">\n\t\t\t<span class=\"elementor-divider-separator\">\n\t\t\t\t\t\t<\/span>\n\t\t<\/div>\n\t\t\t\t\t\t<\/div>\n\t\t\t\t<\/div>\n\t\t\t\t<div class=\"elementor-element elementor-element-76bcc8fd elementor-widget elementor-widget-heading\" data-id=\"76bcc8fd\" data-element_type=\"widget\" data-settings=\"{&quot;_animation_mobile&quot;:&quot;fadeInDown&quot;}\" data-widget_type=\"heading.default\">\n\t\t\t\t<div class=\"elementor-widget-container\">\n\t\t\t\t\t<h3 class=\"elementor-heading-title elementor-size-xl\">3:1<\/h3>\t\t\t\t<\/div>\n\t\t\t\t<\/div>\n\t\t\t\t\t<\/div>\n\t\t<\/div>\n\t\t\t\t\t<\/div>\n\t\t<\/section>\n\t\t\t\t<section class=\"elementor-section elementor-top-section elementor-element elementor-element-4f1672f8 elementor-section-boxed elementor-section-height-default elementor-section-height-default\" data-id=\"4f1672f8\" data-element_type=\"section\">\n\t\t\t\t\t\t<div class=\"elementor-container elementor-column-gap-default\">\n\t\t\t\t\t<div class=\"elementor-column elementor-col-100 elementor-top-column elementor-element elementor-element-2c5ab15b\" data-id=\"2c5ab15b\" data-element_type=\"column\">\n\t\t\t<div class=\"elementor-widget-wrap elementor-element-populated\">\n\t\t\t\t\t\t<div class=\"elementor-element elementor-element-777ce15e elementor-widget elementor-widget-text-editor\" data-id=\"777ce15e\" data-element_type=\"widget\" data-widget_type=\"text-editor.default\">\n\t\t\t\t<div class=\"elementor-widget-container\">\n\t\t\t\t\t\t\t\t\t\n<p>Finalmente, pudimos vencer al todopoderoso 1860. Para ponerlos en contexto, 1860 es el equipo m\u00e1s importante de M\u00fanich despu\u00e9s del Bayern. Tienen estadio propio, una infraestructura impresionante, un gran presupuesto, numerosos patrocinadores, voluntarios y socios. Es el club que representa a la ciudad\u2026<\/p>\n\n<p>Nosotros, con muy pocos recursos, hemos tenido que hacer milagros. Hemos trabajado muy duro para poder enfrentarnos a clubes como este, y es una l\u00e1stima que siempre se menosprecien nuestros esfuerzos con posteos, textos y etiquetas hirientes. Pero ya estamos acostumbrados, y como dijo el jefe, &#8220;los de afuera son de palo&#8221;.<\/p>\n\n<p>El partido comenz\u00f3 en el peor d\u00eda del verano que hemos tenido: lluvia, fr\u00edo, cancha de c\u00e9sped sint\u00e9tico muy r\u00e1pida, pelota mojada, viento\u2026 Todo un desaf\u00edo para desarrollar nuestro juego de control de pelota, pero ah\u00ed est\u00e1bamos en la cancha.<\/p>\n\n<p>Con Hilda de arquera, quien esta temporada jugar\u00e1 en el primer equipo debido a la lesi\u00f3n de Dani, y con Clara a\u00fan en etapa de formaci\u00f3n, era evidente que ella merec\u00eda estar bajo los tres palos con el nivel incre\u00edble en el que se encuentra. En la l\u00ednea defensiva estaban Bimbo, Cris, Zizi y Ani; en el medio campo, Edu, Estephania, Laura y Nat; y en la delantera, dos estrellas: nuestra nueva incorporaci\u00f3n americana, Audrey, y la goleadora de la temporada, Andrea.<\/p>\n\n<p>El partido comenz\u00f3 muy re\u00f1ido debido a los nervios y al estado de la cancha, donde era muy dif\u00edcil controlar la pelota. Intentamos mantener el bal\u00f3n en el suelo y jugar, pero nos cost\u00f3 encontrar pases claros y conexiones en el medio y la defensa.<\/p>\n\n<p>Afortunadamente, una genialidad del tr\u00edo ofensivo Nat-Audrey-Andrea nos puso en ventaja al minuto 11, y el partido continu\u00f3 sin grandes novedades. Fue un encuentro cerrado, con mucha fricci\u00f3n en el medio campo, muchos pelotazos y despejes buscando la suerte de un buen rebote. Hasta que una falta nuestra al borde del \u00e1rea le dio a 1860 la oportunidad de igualar el partido con un centro que termin\u00f3 entrando en el segundo palo.<\/p>\n\n<p>Un minuto despu\u00e9s, casi la misma falta pero del otro lado, un poco m\u00e1s escorada, nos otorg\u00f3 un tiro libre peligros\u00edsimo. Andrea, que no suele perdonar este tipo de faltas, se acomod\u00f3, brazos en jarra, respir\u00f3 hondo y tambi\u00e9n busc\u00f3 el segundo palo. Como si fuera justicia divina, la pelota entr\u00f3 sin que nadie la tocara. Nos pusimos nuevamente arriba en el marcador con un 2 a 1.<\/p>\n\n<p>Con ese resultado, todas mojadas y muertas de fr\u00edo, nos fuimos al vestuario. El entrenador Nereo intent\u00f3 convencer al equipo de que hab\u00eda lugar y tiempo para jugar m\u00e1s tranquilos, que no se apresuraran tanto a buscar la horizontalidad. Con paciencia, tendr\u00edamos nuestras oportunidades y podr\u00edamos cerrar el partido.<\/p>\n\n<p>En el segundo tiempo, el equipo mejor\u00f3; pudimos contener mejor a 1860, se buscaron m\u00e1s triangulaciones y menos pelotazos, aunque a\u00fan no al nivel acostumbrado. Dos distracciones de la defensa, una en una jugada a pelota parada y otra por un rebote fortuito de un pelotazo, casi nos cuestan el empate. Nuestra delantera tambi\u00e9n tuvo oportunidades, pero ninguna tan clara como para cerrar el partido.<\/p>\n\n<p>En el minuto 80, una pelota lleg\u00f3 a Estephania en el v\u00e9rtice interior del \u00e1rea grande. La pis\u00f3 con la izquierda y realiz\u00f3 su ya cl\u00e1sico regate: muestra la pelota y, cuando la defensa va a buscarla, ya no hay nada m\u00e1s que un lugar vac\u00edo lleno de incertidumbres. La jugadora alemana se comi\u00f3 el amague y su pierna sigui\u00f3 hasta golpear el pie derecho de Estephania. Penal.<\/p>\n\n<p>De nuevo Andrea. De nuevo, los brazos en jarra, De nuevo vayan a buscar la pelota dentro del arco.<\/p>\n\n<p>3 a 1, y con pocos minutos restantes, 1860 se rindi\u00f3. Fue un triunfo muy importante para las pibas, que lo dejaron todo en la cancha. Es verdad que no brillamos con el juego bonito al que estamos acostumbradas, pero tambi\u00e9n hay que saber ganar en partidos dif\u00edciles.<\/p>\n\n<p>Deseamos una pronta recuperaci\u00f3n a la jugadora de 1860 Cheyenne Krieger, quien jug\u00f3 un partidazo y tuvo que salir lesionada tras una jugada accidental en el medio campo.<\/p>\n\n<p>Tambi\u00e9n agradecemos a las 3 o 4 jugadoras de 1860 que se acercaron a saludar a nuestras jugadoras despu\u00e9s del partido. Esa muestra de respeto al juego, a los rivales y al \u00e1rbitro dignifica a su club.<\/p>\n\n<p>Y, por \u00faltimo, recordamos a quienes quieran leernos que en el primer partido que jugamos contra 1860 hace unos 3 a\u00f1os, perdimos con mucho dolor y tuvimos que tragarnos el orgullo con una derrota de 9 a 0. Aun as\u00ed, nos quedamos bailando reguet\u00f3n con sus jugadoras. En ese entonces, a\u00fan parec\u00edamos simp\u00e1ticos.<\/p>\n\n<p>\u00a0<\/p>\n\t\t\t\t\t\t\t\t<\/div>\n\t\t\t\t<\/div>\n\t\t\t\t\t<\/div>\n\t\t<\/div>\n\t\t\t\t\t<\/div>\n\t\t<\/section>\n\t\t\t\t<\/div>","protected":false},"excerpt":{"rendered":"<p>CAMCHERAS vs LAS LEONAS 3:1 Finalmente, pudimos vencer al todopoderoso 1860. Para ponerlos en contexto, 1860 es el equipo m\u00e1s importante de M\u00fanich despu\u00e9s del Bayern. Tienen estadio propio, una infraestructura impresionante, un gran presupuesto, numerosos patrocinadores, voluntarios y socios. Es el club que representa a la ciudad\u2026 Nosotros, con muy pocos recursos, hemos tenido &hellip;<\/p>\n<p class=\"read-more\"> <a class=\"\" href=\"https:\/\/cam-futbol.com\/en\/home\/kk-14-sep-2024\/\"> <span class=\"screen-reader-text\">kk-14-sep-2024<\/span> Read More &raquo;<\/a><\/p>","protected":false},"author":1,"featured_media":0,"parent":647,"menu_order":0,"comment_status":"closed","ping_status":"closed","template":"","meta":{"site-sidebar-layout":"default","site-content-layout":"default","ast-global-header-display":"","ast-main-header-display":"","ast-hfb-above-header-display":"","ast-hfb-below-header-display":"","ast-hfb-mobile-header-display":"","site-post-title":"","ast-breadcrumbs-content":"","ast-featured-img":"","footer-sml-layout":"","theme-transparent-header-meta":"","adv-header-id-meta":"","stick-header-meta":"","header-above-stick-meta":"","header-main-stick-meta":"","header-below-stick-meta":"","footnotes":""},"class_list":["post-6755","page","type-page","status-publish","hentry"],"_links":{"self":[{"href":"https:\/\/cam-futbol.com\/en\/wp-json\/wp\/v2\/pages\/6755","targetHints":{"allow":["GET"]}}],"collection":[{"href":"https:\/\/cam-futbol.com\/en\/wp-json\/wp\/v2\/pages"}],"about":[{"href":"https:\/\/cam-futbol.com\/en\/wp-json\/wp\/v2\/types\/page"}],"author":[{"embeddable":true,"href":"https:\/\/cam-futbol.com\/en\/wp-json\/wp\/v2\/users\/1"}],"replies":[{"embeddable":true,"href":"https:\/\/cam-futbol.com\/en\/wp-json\/wp\/v2\/comments?post=6755"}],"version-history":[{"count":5,"href":"https:\/\/cam-futbol.com\/en\/wp-json\/wp\/v2\/pages\/6755\/revisions"}],"predecessor-version":[{"id":6793,"href":"https:\/\/cam-futbol.com\/en\/wp-json\/wp\/v2\/pages\/6755\/revisions\/6793"}],"up":[{"embeddable":true,"href":"https:\/\/cam-futbol.com\/en\/wp-json\/wp\/v2\/pages\/647"}],"wp:attachment":[{"href":"https:\/\/cam-futbol.com\/en\/wp-json\/wp\/v2\/media?parent=6755"}],"curies":[{"name":"wp","href":"https:\/\/api.w.org\/{rel}","templated":true}]}}