{"id":6800,"date":"2024-09-25T12:07:26","date_gmt":"2024-09-25T11:07:26","guid":{"rendered":"https:\/\/cam-futbol.com\/?page_id=6800"},"modified":"2024-09-25T12:10:05","modified_gmt":"2024-09-25T11:10:05","slug":"kk-22-sep-2024","status":"publish","type":"page","link":"https:\/\/cam-futbol.com\/en\/home\/kk-22-sep-2024\/","title":{"rendered":"kk-22-sep-2024"},"content":{"rendered":"<div data-elementor-type=\"wp-page\" data-elementor-id=\"6800\" class=\"elementor elementor-6800\">\n\t\t\t\t\t\t<section class=\"elementor-section elementor-top-section elementor-element elementor-element-5447e246 elementor-section-height-min-height elementor-section-items-stretch elementor-section-content-middle elementor-section-boxed elementor-section-height-default\" data-id=\"5447e246\" data-element_type=\"section\" data-settings=\"{&quot;background_background&quot;:&quot;classic&quot;}\">\n\t\t\t\t\t\t\t<div class=\"elementor-background-overlay\"><\/div>\n\t\t\t\t\t\t\t<div class=\"elementor-container elementor-column-gap-wide\">\n\t\t\t\t\t<div class=\"elementor-column elementor-col-100 elementor-top-column elementor-element elementor-element-3fd812ff\" data-id=\"3fd812ff\" data-element_type=\"column\">\n\t\t\t<div class=\"elementor-widget-wrap elementor-element-populated\">\n\t\t\t\t\t\t<div class=\"elementor-element elementor-element-19409cc elementor-widget elementor-widget-heading\" data-id=\"19409cc\" data-element_type=\"widget\" data-settings=\"{&quot;_animation_mobile&quot;:&quot;fadeInDown&quot;}\" data-widget_type=\"heading.default\">\n\t\t\t\t<div class=\"elementor-widget-container\">\n\t\t\t\t\t<h1 class=\"elementor-heading-title elementor-size-default\">CAMCHERAS vs TSV HOHENBRUNN-RIEMERLING<\/h1>\t\t\t\t<\/div>\n\t\t\t\t<\/div>\n\t\t\t\t<div class=\"elementor-element elementor-element-4acdc9b9 elementor-widget-divider--view-line elementor-widget elementor-widget-divider\" data-id=\"4acdc9b9\" data-element_type=\"widget\" data-widget_type=\"divider.default\">\n\t\t\t\t<div class=\"elementor-widget-container\">\n\t\t\t\t\t\t\t<div class=\"elementor-divider\">\n\t\t\t<span class=\"elementor-divider-separator\">\n\t\t\t\t\t\t<\/span>\n\t\t<\/div>\n\t\t\t\t\t\t<\/div>\n\t\t\t\t<\/div>\n\t\t\t\t<div class=\"elementor-element elementor-element-6d8a2d74 elementor-widget elementor-widget-heading\" data-id=\"6d8a2d74\" data-element_type=\"widget\" data-settings=\"{&quot;_animation_mobile&quot;:&quot;fadeInDown&quot;}\" data-widget_type=\"heading.default\">\n\t\t\t\t<div class=\"elementor-widget-container\">\n\t\t\t\t\t<h3 class=\"elementor-heading-title elementor-size-xl\">3:1<\/h3>\t\t\t\t<\/div>\n\t\t\t\t<\/div>\n\t\t\t\t\t<\/div>\n\t\t<\/div>\n\t\t\t\t\t<\/div>\n\t\t<\/section>\n\t\t\t\t<section class=\"elementor-section elementor-top-section elementor-element elementor-element-323b8602 elementor-section-boxed elementor-section-height-default elementor-section-height-default\" data-id=\"323b8602\" data-element_type=\"section\">\n\t\t\t\t\t\t<div class=\"elementor-container elementor-column-gap-default\">\n\t\t\t\t\t<div class=\"elementor-column elementor-col-100 elementor-top-column elementor-element elementor-element-6feee8ac\" data-id=\"6feee8ac\" data-element_type=\"column\">\n\t\t\t<div class=\"elementor-widget-wrap elementor-element-populated\">\n\t\t\t\t\t\t<div class=\"elementor-element elementor-element-53786339 elementor-widget elementor-widget-text-editor\" data-id=\"53786339\" data-element_type=\"widget\" data-widget_type=\"text-editor.default\">\n\t\t\t\t<div class=\"elementor-widget-container\">\n\t\t\t\t\t\t\t\t\t<p><span data-teams=\"true\"><span class=\"ui-provider a b c d e f g h i j k l m n o p q r s t u v w x y z ab ac ae af ag ah ai aj ak\" dir=\"ltr\">Domingo, 9 am. Sol, d\u00eda caluroso, m\u00e1s oto\u00f1al que otra cosa. El CAMM I est\u00e1 en la cancha, listas para jugar.<br>\nEnfrente est\u00e1 el TSV Hohenbrunn-Riemerling, m\u00e1s dif\u00edcil de pronunciar que Desoxirribonucleico<br>\nNunca hab\u00edamos jugado contra ellas y no sab\u00edamos muy bien qu\u00e9 esperar.<br><br>\nEl encuentro empieza caldeado. Como siempre, parece que tenemos la culpa del problema de turno, y hay caras largas en el banco de entrenadores.<br>\nPero no nos dejamos intimidar, concentradas en lo nuestro. Suena el pitido inicial, pelota atr\u00e1s a Andrea y comenzamos a hablar donde mejor nos entendemos: en la cancha.<br><br>\nHilda est\u00e1 de nuevo en el arco; Bimbo, Zizi, Canaria (que volvi\u00f3 de su prolongado retiro espiritual en \u00c1frica), y Cris forman la l\u00ednea defensiva. Salimos con un 4-4-2 en rombo, con Andrea, Estephania, Nat y Ana formando el diamante en el medio. Arriba, Laura y Cami cierran las dos puntas del equipo.<br><br>\nEn nuestra cabeza queremos jugar bien, tocar y triangular, pero como siempre, los primeros minutos son para medir al rival y ver qu\u00e9 propone el otro equipo.<br>\nHohenbrunn sali\u00f3 con ganas, demostrando desde el primer minuto que disputar\u00edan cada pelota como si fuera la \u00faltima. Bien, nos gustan los equipos as\u00ed. Respeto total para estas chicas que vinieron a luchar por los 3 puntos, pero en casa esos puntos valen mucho. Aunque seamos el equipo m\u00e1s simp\u00e1tico, con el entrenador m\u00e1s amoroso de la liga, no est\u00e1 en nuestro curr\u00edculo regalar nada.<br><br>\nNosotras tambi\u00e9n sabemos luchar, y esos primeros 20 minutos fueron m\u00e1s bien una pugna para ver qui\u00e9n pod\u00eda imponer su estilo de juego. Esta cr\u00f3nica (y el 98% de los periodistas que saben de f\u00fatbol) dice que fue el CAMM quien empez\u00f3 a mover la pelota en el medio, a buscar el juego por las bandas, a crear agujeros en la defensa rival y a generar peligro en el \u00e1rea de Hohenbrunn.<br>\nEl gol no lleg\u00f3 hasta el minuto 35, gracias a la s\u00f3lida defensa del equipo rival y, probablemente, a las cervezas que algunas de nuestras jugadoras tomaron la noche anterior (es semana de Oktoberfest, y parece que la juventud no necesita dormir).<br>\nUn centro alto desde la derecha de Cami, y Ana dispara en dos tiempos para poner la pelota en la red. 1 a 0, y ahora s\u00ed estamos entrando en el partido.<br><br>\nSalimos tocando desde atr\u00e1s: Hilda, Zizi, Canaria, Andrea\u2026 alguna se proyecta, peligro&#8230; Estephania, Andrea, Ana\u2026 m\u00e1s peligro&#8230; Estamos cerca del segundo gol, y el equipo rival juega a cubrirse, buscando a sus delanteras con pelotas largas que nuestras defensoras cortan sin problemas.<br><br>\nEn el segundo tiempo, el entrenador mueve el banco. Entran Stefy y Andrea, que tambi\u00e9n volv\u00eda de un receso matrimonial, trayendo consigo un anillo en el dedo y un virus estomacal de nombre cient\u00edfico Resacusus Maximus. Laura baja al medio y Andrea (Pamplo, para los amigos) sube como delantera.<br>\nPoco despu\u00e9s, una falta al borde del \u00e1rea, un poco a la derecha, ideal para una zurda, pero Pamplo la pide. Y cuando Pamplo la pide, hay que d\u00e1rsela.<br>\nBrazos en jarra y la historia ya la conocen: si hab\u00eda una ara\u00f1a viviendo en el \u00e1ngulo que forman el travesa\u00f1o y el palo izquierdo, esa ara\u00f1a ya no est\u00e1 m\u00e1s.<br>\nSi creen que exagero, ah\u00ed les dejo el video del gol.<br><br>\nDespu\u00e9s de ese gol, ya m\u00e1s tranquilas, el equipo quiso jugar bonito. Todav\u00eda se nota que hay aspectos que mejorar para que el juego fluya m\u00e1s y se vuelva m\u00e1s org\u00e1nico, pero controlamos el partido. Nadie recuerda nada peligroso en contra del equipo local durante casi toda la segunda parte.<br>\nEn el minuto 79, otro desborde de Pamplo por la izquierda: se acomoda la pelota para su derecha tirando un ca\u00f1o a la defensa, y le apunta al segundo palo. Golazo y partido cerrado.<br><br>\nFaltando dos minutos, el entrenador tuvo un momento de inspiraci\u00f3n con delirio c\u00f3smico y sac\u00f3 a una defensa para poner otra delantera. El resultado fue el 3 a 1. Le perdonamos esas extravagancias por el orden t\u00e1ctico que mantuvo hasta el minuto 88.<br><br>\nAgradecemos a todos los que se despertaron para venir a vernos, y en especial a los asistentes que trajeron torta.<\/span><\/span><br><\/p>\t\t\t\t\t\t\t\t<\/div>\n\t\t\t\t<\/div>\n\t\t\t\t\t<\/div>\n\t\t<\/div>\n\t\t\t\t\t<\/div>\n\t\t<\/section>\n\t\t\t\t<section class=\"elementor-section elementor-top-section elementor-element elementor-element-d6e7b91 elementor-section-boxed elementor-section-height-default elementor-section-height-default\" data-id=\"d6e7b91\" data-element_type=\"section\">\n\t\t\t\t\t\t<div class=\"elementor-container elementor-column-gap-default\">\n\t\t\t\t\t<div class=\"elementor-column elementor-col-100 elementor-top-column elementor-element elementor-element-20044b6\" data-id=\"20044b6\" data-element_type=\"column\">\n\t\t\t<div class=\"elementor-widget-wrap elementor-element-populated\">\n\t\t\t\t\t\t\t<\/div>\n\t\t<\/div>\n\t\t\t\t\t<\/div>\n\t\t<\/section>\n\t\t\t\t<\/div>","protected":false},"excerpt":{"rendered":"<p>CAMCHERAS vs TSV HOHENBRUNN-RIEMERLING 3:1 Domingo, 9 am. Sol, d\u00eda caluroso, m\u00e1s oto\u00f1al que otra cosa. El CAMM I est\u00e1 en la cancha, listas para jugar. Enfrente est\u00e1 el TSV Hohenbrunn-Riemerling, m\u00e1s dif\u00edcil de pronunciar que Desoxirribonucleico Nunca hab\u00edamos jugado contra ellas y no sab\u00edamos muy bien qu\u00e9 esperar. El encuentro empieza caldeado. Como siempre, &hellip;<\/p>\n<p class=\"read-more\"> <a class=\"\" href=\"https:\/\/cam-futbol.com\/en\/home\/kk-22-sep-2024\/\"> <span class=\"screen-reader-text\">kk-22-sep-2024<\/span> Read More &raquo;<\/a><\/p>","protected":false},"author":1,"featured_media":0,"parent":647,"menu_order":0,"comment_status":"closed","ping_status":"closed","template":"","meta":{"site-sidebar-layout":"no-sidebar","site-content-layout":"page-builder","ast-global-header-display":"","ast-main-header-display":"","ast-hfb-above-header-display":"","ast-hfb-below-header-display":"","ast-hfb-mobile-header-display":"","site-post-title":"disabled","ast-breadcrumbs-content":"","ast-featured-img":"disabled","footer-sml-layout":"","theme-transparent-header-meta":"","adv-header-id-meta":"","stick-header-meta":"","header-above-stick-meta":"","header-main-stick-meta":"","header-below-stick-meta":"","footnotes":""},"class_list":["post-6800","page","type-page","status-publish","hentry"],"_links":{"self":[{"href":"https:\/\/cam-futbol.com\/en\/wp-json\/wp\/v2\/pages\/6800","targetHints":{"allow":["GET"]}}],"collection":[{"href":"https:\/\/cam-futbol.com\/en\/wp-json\/wp\/v2\/pages"}],"about":[{"href":"https:\/\/cam-futbol.com\/en\/wp-json\/wp\/v2\/types\/page"}],"author":[{"embeddable":true,"href":"https:\/\/cam-futbol.com\/en\/wp-json\/wp\/v2\/users\/1"}],"replies":[{"embeddable":true,"href":"https:\/\/cam-futbol.com\/en\/wp-json\/wp\/v2\/comments?post=6800"}],"version-history":[{"count":6,"href":"https:\/\/cam-futbol.com\/en\/wp-json\/wp\/v2\/pages\/6800\/revisions"}],"predecessor-version":[{"id":6807,"href":"https:\/\/cam-futbol.com\/en\/wp-json\/wp\/v2\/pages\/6800\/revisions\/6807"}],"up":[{"embeddable":true,"href":"https:\/\/cam-futbol.com\/en\/wp-json\/wp\/v2\/pages\/647"}],"wp:attachment":[{"href":"https:\/\/cam-futbol.com\/en\/wp-json\/wp\/v2\/media?parent=6800"}],"curies":[{"name":"wp","href":"https:\/\/api.w.org\/{rel}","templated":true}]}}